{"id":200,"date":"2017-12-06T19:49:53","date_gmt":"2017-12-06T19:49:53","guid":{"rendered":"https:\/\/royan-location.fr\/?page_id=200"},"modified":"2020-01-20T20:07:37","modified_gmt":"2020-01-20T20:07:37","slug":"tourisme-royan-location","status":"publish","type":"page","link":"https:\/\/royan-location.fr\/index.php\/tourisme-royan-location\/","title":{"rendered":"Upgrade"},"content":{"rendered":"<p><div class=\"fusion-fullwidth fullwidth-box fusion-builder-row-1 hundred-percent-fullwidth non-hundred-percent-height-scrolling\"  style='background-color: rgba(255,255,255,0);background-position: center center;background-repeat: no-repeat;padding-top:20px;padding-right:5%;padding-bottom:130px;padding-left:5%;'><div class=\"fusion-builder-row fusion-row \"><div  class=\"fusion-layout-column fusion_builder_column fusion_builder_column_1_1 fusion-builder-column-1 fusion-one-full fusion-column-first fusion-column-last 1_1\"  style='margin-top:0px;margin-bottom:20px;'>\n\t\t\t\t\t<div class=\"fusion-column-wrapper\" style=\"padding: 0px 0px 0px 0px;background-position:left top;background-repeat:no-repeat;-webkit-background-size:cover;-moz-background-size:cover;-o-background-size:cover;background-size:cover;\"   data-bg-url=\"\">\n\t\t\t\t\t\t<div class=\"fusion-text\"><h2>Nos Loisirs pr\u00e9f\u00e9r\u00e9s !<\/h2>\n<\/div><div class=\"fusion-text\"><p>aller au c\u00e9l\u00e8bre <strong>march\u00e9 de Royan<\/strong> le matin, puis faire une baignade sportive \u00e0 la <strong>plage de Foncillon<\/strong> en bas de la rue. Ou nous allons nous balader sur la <strong>corniche<\/strong> direction Pontaillac \u00e0 v\u00e9lo ou \u00e0 pied pour nous baigner \u00e0 une des charmantes plages des environs\u00a0(<strong>Le Chay<\/strong> 10 min \u00e0 v\u00e9lo, <strong>Les Pigeonniers<\/strong> 15 min) ou pour faire un footing tout le long de l\u2019oc\u00e9an.<\/p>\n<p>L\u2019apr\u00e8s-midi, nous allons souvent \u00e0 <strong>la C\u00f4te Sauvage<\/strong> ( pr\u00e8s du phare de la Coubre) avec ses kilom\u00e8tres d\u2019une c\u00f4te magnifique.Cela vaut vraiment le coup de rouler jusque l\u00e0-bas.<\/p>\n<p>Et nous aimons aussi prendre le <strong>bateau <\/strong>( environ 4 euro, l\u2019embarcad\u00e8re est au bout de notre rue) avec nos v\u00e9los pour traverser l\u2019estuaire et aller nous baigner \u00e0 <strong>la plage St Nicolas<\/strong>, puis aller manger une gauffre ou une glace chez le c\u00e9l\u00e8bre glacier Judici \u00e0 <strong>Soulac s\/mer. <\/strong><\/p>\n<p>.<\/p>\n<\/div><div class=\"fusion-clearfix\"><\/div>\n\n\t\t\t\t\t<\/div>\n\t\t\t\t<\/div><\/div><\/div><div class=\"fusion-fullwidth fullwidth-box fusion-builder-row-2 fusion-parallax-none hundred-percent-fullwidth non-hundred-percent-height-scrolling\"  style='background-color: rgba(255,255,255,0);background-image: url(\"https:\/\/royan-location.fr\/wp-content\/uploads\/2019\/04\/20181020_190655-1.jpg\");background-position: center center;background-repeat: no-repeat;padding-top:20px;padding-right:5%;padding-bottom:130px;padding-left:5%;-webkit-background-size:cover;-moz-background-size:cover;-o-background-size:cover;background-size:cover;'><div class=\"fusion-builder-row fusion-row \"><div  class=\"fusion-layout-column fusion_builder_column fusion_builder_column_1_1 fusion-builder-column-2 fusion-one-full fusion-column-first fusion-column-last 1_1\"  style='margin-top:0px;margin-bottom:20px;'>\n\t\t\t\t\t<div class=\"fusion-column-wrapper\" style=\"padding: 0px 0px 0px 0px;background-position:left top;background-repeat:no-repeat;-webkit-background-size:cover;-moz-background-size:cover;-o-background-size:cover;background-size:cover;\"   data-bg-url=\"\">\n\t\t\t\t\t\t<div class=\"fusion-text\"><h1><strong><span style=\"color: #ffffff;\">VOUS PENSIEZ\u00a0 CONNAITRE ROYAN\u00a0 ?<\/span><\/strong><\/h1>\n<\/div><div class=\"fusion-video fusion-youtube fusion-aligncenter\" style=\"max-width:600px;max-height:360px; width:100%\" data-autoplay=\"1\"><div class=\"video-shortcode\"><iframe loading=\"lazy\" title=\"YouTube video player\" src=\"https:\/\/www.youtube.com\/embed\/hYDOxYRPXco?wmode=transparent&autoplay=0\" width=\"600\" height=\"360\" allowfullscreen allow=\"autoplay; fullscreen\"><\/iframe><\/div><\/div><div class=\"fusion-clearfix\"><\/div>\n\n\t\t\t\t\t<\/div>\n\t\t\t\t<\/div><\/div><\/div><div class=\"fusion-fullwidth fullwidth-box fusion-builder-row-3 nonhundred-percent-fullwidth non-hundred-percent-height-scrolling\"  style='background-color: rgba(255,255,255,0);background-position: center center;background-repeat: no-repeat;padding-top:120px;padding-right:0px;padding-bottom:40px;padding-left:0px;'><div class=\"fusion-builder-row fusion-row \"><div  class=\"fusion-layout-column fusion_builder_column fusion_builder_column_1_1 fusion-builder-column-3 fusion-one-full fusion-column-first fusion-column-last 1_1\"  style='margin-top:0px;margin-bottom:20px;'>\n\t\t\t\t\t<div class=\"fusion-column-wrapper\" style=\"padding: 0px 0px 0px 0px;background-position:left top;background-repeat:no-repeat;-webkit-background-size:cover;-moz-background-size:cover;-o-background-size:cover;background-size:cover;\"   data-bg-url=\"\">\n\t\t\t\t\t\t<div class=\"fusion-text\"><p>Mais nous vous conseillons aussi le <strong>glacier Lopez<\/strong> sur le front de mer de Royan qui est bien entendu une tradition \u00e0 ne pas manquer lors de votre s\u00e9jour.<\/p>\n<p>Enfin, pour les couchers de soleil, nous allons \u00e0 Talmont ou Merschers ou dans les marais \u00e0 Mornac S\/Seudre.<\/p>\n<p>Ren\u00e9 aime bien aller d\u00eener au resto \u00ab\u00a0Le petit bouchon\u00a0\u00bb sur le port de Royan et moi, j\u2019adore aller boire un Spritz et d\u00eener les pieds dans le sable au resto \u00ab\u00a0La R\u00e9serve\u00a0\u00bb au bout de la grande plage centrale de Royan( direction St Georges).<\/p>\n<p>Vous pouvez aussi faire tr\u00e8s facilement de <strong>la voile<\/strong> ( enfants et adultes) ou du <strong>char \u00e0 voile<\/strong>. On vous conseille en particulier le club nautique de l\u2019entr\u00e9e de la plage de St Georges de Didonne. Enfin, il y a de tr\u00e8s belles vagues \u00e0 <strong>surfer<\/strong> \u00e0 la c\u00f4te sauvage et de nombreuses \u00e9coles d\u2019initiation.<\/p>\n<p>N\u2019h\u00e9sitez pas \u00e0 demander aussi conseil \u00e0 Alexa qui vous a accueilli dans notre maison car elle a pleins de tr\u00e8s bonnes suggestions ou adresses \u00e0 vous proposer.<\/p>\n<\/div><div class=\"fusion-sep-clear\"><\/div><div class=\"fusion-separator fusion-full-width-sep sep-single sep-dashed\" style=\"border-color:#e0dede;border-top-width:1px;margin-left: auto;margin-right: auto;margin-top:120px;\"><\/div><div class=\"fusion-clearfix\"><\/div>\n\n\t\t\t\t\t<\/div>\n\t\t\t\t<\/div><\/div><\/div><div class=\"fusion-fullwidth fullwidth-box fusion-builder-row-4 fusion-parallax-none nonhundred-percent-fullwidth non-hundred-percent-height-scrolling\"  style='background-color: rgba(255,255,255,0);background-image: url(\"https:\/\/royan-location.fr\/wp-content\/uploads\/2020\/01\/Royan-location-maison-noutary-cote-sauvage.png\");background-position: center center;background-repeat: no-repeat;padding-top:0px;padding-right:0px;padding-bottom:0px;padding-left:0px;-webkit-background-size:cover;-moz-background-size:cover;-o-background-size:cover;background-size:cover;'><div class=\"fusion-builder-row fusion-row \"><div  class=\"fusion-layout-column fusion_builder_column fusion_builder_column_1_1 fusion-builder-column-4 fusion-one-full fusion-column-first fusion-column-last 1_1\"  style='margin-top:0px;margin-bottom:20px;'>\n\t\t\t\t\t<div class=\"fusion-column-wrapper\" style=\"padding: 0px 0px 0px 0px;background-position:left top;background-repeat:no-repeat;-webkit-background-size:cover;-moz-background-size:cover;-o-background-size:cover;background-size:cover;\"   data-bg-url=\"\">\n\t\t\t\t\t\t<div class=\"fusion-text\"><h1><strong><span style=\"color: #ffffff;\">LAISSEZ NOUS VOUS SURPRENDRE !\u00a0<\/span><\/strong><\/h1>\n<\/div><div class=\"fusion-video fusion-youtube fusion-aligncenter\" style=\"max-width:600px;max-height:360px; width:100%\" data-autoplay=\"1\"><div class=\"video-shortcode\"><iframe loading=\"lazy\" title=\"YouTube video player\" src=\"https:\/\/www.youtube.com\/embed\/IKg00AzeHl4?wmode=transparent&autoplay=0\" width=\"600\" height=\"360\" allowfullscreen allow=\"autoplay; fullscreen\"><\/iframe><\/div><\/div><div class=\"fusion-clearfix\"><\/div>\n\n\t\t\t\t\t<\/div>\n\t\t\t\t<\/div><div  class=\"fusion-layout-column fusion_builder_column fusion_builder_column_1_1 fusion-builder-column-5 fusion-one-full fusion-column-first fusion-column-last 1_1\"  style='margin-top:0px;margin-bottom:20px;'>\n\t\t\t\t\t<div class=\"fusion-column-wrapper\" style=\"padding: 0px 0px 0px 0px;background-position:left top;background-repeat:no-repeat;-webkit-background-size:cover;-moz-background-size:cover;-o-background-size:cover;background-size:cover;\"   data-bg-url=\"\">\n\t\t\t\t\t\t<div class=\"fusion-flip-boxes flip-boxes row fusion-columns-1 flip-effect-classic\"><div class=\"fusion-flip-box-wrapper fusion-column col-lg-12 col-md-12 col-sm-12\"><div class=\"fusion-flip-box flip-right\"><div class=\"flip-box-inner-wrapper\"><div class=\"flip-box-front\" style=\"background-color:#f6f6f6;border-color:rgba(0,0,0,0);border-radius:4px;border-style:solid;border-width:10px;color:#747474;transition-duration:0.4s;\"><div class=\"flip-box-front-inner\"><div class=\"flip-box-grafix flip-box-circle\" style=\"background-color:#333333;border-color:#ff9800;\"><i class=\"fa-bicycle fas\" style=\"color:#ff9800;\"><\/i><\/div><h2 class=\"flip-box-heading\" style=\"color:#333333;\">VELO TOURISME ? <\/h2>D\u00e9couvrez VELODYSSEE<\/div><\/div><div class=\"flip-box-back\" style=\"background-color:#a0ce4e;border-color:rgba(0,0,0,0);border-radius:4px;border-style:solid;border-width:10px;color:#ffffff;transition-duration:0.4s;\"><div class=\"flip-box-back-inner\">\n<p>La destination dispose de nombreux am\u00e9nagements d\u00e9di\u00e9s aux cyclotouristes :\u00a0 \u2026km de pistes cyclables, des loueurs de bicyclettes et de v\u00e9los \u00e9lectriques, des r\u00e9parateurs.<br \/>\nRonce-les-Bains, La Palmyre, Royan sont des \u00e9tapes de La\u00a0V\u00e9lodyss\u00e9e\u00ae\u00a0ou V\u00e9loroute Atlantique, la partie fran\u00e7aise de l\u2019Eurov\u00e9loroute n\u00b01 qui\u00a0s\u2019\u00e9tend de la Norv\u00e8ge au Portugal.\u00a0<a href=\"https:\/\/www.lavelodyssee.com\/\" target=\"_blank\" rel=\"noopener noreferrer\">En savoir plus sur la V\u00e9lodyss\u00e9e\u00ae<\/a><\/p>\n<\/div><\/div><\/div><\/div><\/div><\/div><div class=\"fusion-clearfix\"><\/div><div class=\"fusion-clearfix\"><\/div>\n\n\t\t\t\t\t<\/div>\n\t\t\t\t<\/div><\/div><\/div><\/p>\n","protected":false},"excerpt":{"rendered":"","protected":false},"author":1,"featured_media":0,"parent":0,"menu_order":0,"comment_status":"closed","ping_status":"closed","template":"100-width.php","meta":{"_bbp_topic_count":0,"_bbp_reply_count":0,"_bbp_total_topic_count":0,"_bbp_total_reply_count":0,"_bbp_voice_count":0,"_bbp_anonymous_reply_count":0,"_bbp_topic_count_hidden":0,"_bbp_reply_count_hidden":0,"_bbp_forum_subforum_count":0,"footnotes":""},"class_list":["post-200","page","type-page","status-publish","hentry"],"yoast_head":"<!-- This site is optimized with the Yoast SEO plugin v18.4.1 - https:\/\/yoast.com\/wordpress\/plugins\/seo\/ -->\n<title>Upgrade - Location-Royan-Maison-Noutary Royan location -<\/title>\n<meta name=\"description\" content=\"Les activit\u00e9s touristiques sur Royan et le pays Royannais sont nombreuses . La Maison Noutary est l&#039;h\u00e9bergement id\u00e9al pour une exp\u00e9rience unique.\u00c0 pied, \u00e0 v\u00e9lo ou \u00e0 cheval, le territoire d\u00e9voile sa beaut\u00e9 naturelle.\" \/>\n<meta name=\"robots\" content=\"index, follow, max-snippet:-1, max-image-preview:large, max-video-preview:-1\" \/>\n<link rel=\"canonical\" href=\"https:\/\/royan-location.fr\/index.php\/tourisme-royan-location\/\" \/>\n<meta property=\"og:locale\" content=\"fr_FR\" \/>\n<meta property=\"og:type\" content=\"article\" \/>\n<meta property=\"og:title\" content=\"Upgrade - Location-Royan-Maison-Noutary Royan location -\" \/>\n<meta property=\"og:description\" content=\"Les activit\u00e9s touristiques sur Royan et le pays Royannais sont nombreuses . La Maison Noutary est l&#039;h\u00e9bergement id\u00e9al pour une exp\u00e9rience unique.\u00c0 pied, \u00e0 v\u00e9lo ou \u00e0 cheval, le territoire d\u00e9voile sa beaut\u00e9 naturelle.\" \/>\n<meta property=\"og:url\" content=\"https:\/\/royan-location.fr\/index.php\/tourisme-royan-location\/\" \/>\n<meta property=\"og:site_name\" content=\"Location-Royan-Maison-Noutary\" \/>\n<meta property=\"article:publisher\" content=\"https:\/\/www.facebook.com\/Location-Royan-Maison-Noutary-103301501222317\/\" \/>\n<meta property=\"article:modified_time\" content=\"2020-01-20T20:07:37+00:00\" \/>\n<meta property=\"og:image\" content=\"https:\/\/royan-location.fr\/wp-content\/uploads\/2020\/01\/Royan-location-maison-noutary-facade-gauche-1.png\" \/>\n\t<meta property=\"og:image:width\" content=\"789\" \/>\n\t<meta property=\"og:image:height\" content=\"1052\" \/>\n\t<meta property=\"og:image:type\" content=\"image\/png\" \/>\n<meta name=\"twitter:card\" content=\"summary_large_image\" \/>\n<meta name=\"twitter:label1\" content=\"Dur\u00e9e de lecture estim\u00e9e\" \/>\n\t<meta name=\"twitter:data1\" content=\"11 minutes\" \/>\n<script type=\"application\/ld+json\" class=\"yoast-schema-graph\">{\"@context\":\"https:\/\/schema.org\",\"@graph\":[{\"@type\":\"Organization\",\"@id\":\"https:\/\/royan-location.fr\/#organization\",\"name\":\"Location Royan Maison Noutary\",\"url\":\"https:\/\/royan-location.fr\/\",\"sameAs\":[\"https:\/\/www.facebook.com\/Location-Royan-Maison-Noutary-103301501222317\/\"],\"logo\":{\"@type\":\"ImageObject\",\"@id\":\"https:\/\/royan-location.fr\/#logo\",\"inLanguage\":\"fr-FR\",\"url\":\"https:\/\/royan-location.fr\/wp-content\/uploads\/2020\/01\/Logo-Royan-2-e1579338043773.png\",\"contentUrl\":\"https:\/\/royan-location.fr\/wp-content\/uploads\/2020\/01\/Logo-Royan-2-e1579338043773.png\",\"width\":200,\"height\":224,\"caption\":\"Location Royan Maison Noutary\"},\"image\":{\"@id\":\"https:\/\/royan-location.fr\/#logo\"}},{\"@type\":\"WebSite\",\"@id\":\"https:\/\/royan-location.fr\/#website\",\"url\":\"https:\/\/royan-location.fr\/\",\"name\":\"Location-Royan-Maison-Noutary\",\"description\":\"Location Maison Royan Proche plage Foncillon\",\"publisher\":{\"@id\":\"https:\/\/royan-location.fr\/#organization\"},\"potentialAction\":[{\"@type\":\"SearchAction\",\"target\":{\"@type\":\"EntryPoint\",\"urlTemplate\":\"https:\/\/royan-location.fr\/?s={search_term_string}\"},\"query-input\":\"required name=search_term_string\"}],\"inLanguage\":\"fr-FR\"},{\"@type\":\"WebPage\",\"@id\":\"https:\/\/royan-location.fr\/index.php\/tourisme-royan-location\/#webpage\",\"url\":\"https:\/\/royan-location.fr\/index.php\/tourisme-royan-location\/\",\"name\":\"Upgrade - Location-Royan-Maison-Noutary Royan location -\",\"isPartOf\":{\"@id\":\"https:\/\/royan-location.fr\/#website\"},\"datePublished\":\"2017-12-06T19:49:53+00:00\",\"dateModified\":\"2020-01-20T20:07:37+00:00\",\"description\":\"Les activit\u00e9s touristiques sur Royan et le pays Royannais sont nombreuses . La Maison Noutary est l'h\u00e9bergement id\u00e9al pour une exp\u00e9rience unique.\u00c0 pied, \u00e0 v\u00e9lo ou \u00e0 cheval, le territoire d\u00e9voile sa beaut\u00e9 naturelle.\",\"breadcrumb\":{\"@id\":\"https:\/\/royan-location.fr\/index.php\/tourisme-royan-location\/#breadcrumb\"},\"inLanguage\":\"fr-FR\",\"potentialAction\":[{\"@type\":\"ReadAction\",\"target\":[\"https:\/\/royan-location.fr\/index.php\/tourisme-royan-location\/\"]}]},{\"@type\":\"BreadcrumbList\",\"@id\":\"https:\/\/royan-location.fr\/index.php\/tourisme-royan-location\/#breadcrumb\",\"itemListElement\":[{\"@type\":\"ListItem\",\"position\":1,\"name\":\"Accueil\",\"item\":\"https:\/\/royan-location.fr\/\"},{\"@type\":\"ListItem\",\"position\":2,\"name\":\"Upgrade\"}]}]}<\/script>\n<!-- \/ Yoast SEO plugin. -->","yoast_head_json":{"title":"Upgrade - Location-Royan-Maison-Noutary Royan location -","description":"Les activit\u00e9s touristiques sur Royan et le pays Royannais sont nombreuses . La Maison Noutary est l'h\u00e9bergement id\u00e9al pour une exp\u00e9rience unique.\u00c0 pied, \u00e0 v\u00e9lo ou \u00e0 cheval, le territoire d\u00e9voile sa beaut\u00e9 naturelle.","robots":{"index":"index","follow":"follow","max-snippet":"max-snippet:-1","max-image-preview":"max-image-preview:large","max-video-preview":"max-video-preview:-1"},"canonical":"https:\/\/royan-location.fr\/index.php\/tourisme-royan-location\/","og_locale":"fr_FR","og_type":"article","og_title":"Upgrade - Location-Royan-Maison-Noutary Royan location -","og_description":"Les activit\u00e9s touristiques sur Royan et le pays Royannais sont nombreuses . La Maison Noutary est l'h\u00e9bergement id\u00e9al pour une exp\u00e9rience unique.\u00c0 pied, \u00e0 v\u00e9lo ou \u00e0 cheval, le territoire d\u00e9voile sa beaut\u00e9 naturelle.","og_url":"https:\/\/royan-location.fr\/index.php\/tourisme-royan-location\/","og_site_name":"Location-Royan-Maison-Noutary","article_publisher":"https:\/\/www.facebook.com\/Location-Royan-Maison-Noutary-103301501222317\/","article_modified_time":"2020-01-20T20:07:37+00:00","og_image":[{"width":789,"height":1052,"url":"https:\/\/royan-location.fr\/wp-content\/uploads\/2020\/01\/Royan-location-maison-noutary-facade-gauche-1.png","type":"image\/png"}],"twitter_card":"summary_large_image","twitter_misc":{"Dur\u00e9e de lecture estim\u00e9e":"11 minutes"},"schema":{"@context":"https:\/\/schema.org","@graph":[{"@type":"Organization","@id":"https:\/\/royan-location.fr\/#organization","name":"Location Royan Maison Noutary","url":"https:\/\/royan-location.fr\/","sameAs":["https:\/\/www.facebook.com\/Location-Royan-Maison-Noutary-103301501222317\/"],"logo":{"@type":"ImageObject","@id":"https:\/\/royan-location.fr\/#logo","inLanguage":"fr-FR","url":"https:\/\/royan-location.fr\/wp-content\/uploads\/2020\/01\/Logo-Royan-2-e1579338043773.png","contentUrl":"https:\/\/royan-location.fr\/wp-content\/uploads\/2020\/01\/Logo-Royan-2-e1579338043773.png","width":200,"height":224,"caption":"Location Royan Maison Noutary"},"image":{"@id":"https:\/\/royan-location.fr\/#logo"}},{"@type":"WebSite","@id":"https:\/\/royan-location.fr\/#website","url":"https:\/\/royan-location.fr\/","name":"Location-Royan-Maison-Noutary","description":"Location Maison Royan Proche plage Foncillon","publisher":{"@id":"https:\/\/royan-location.fr\/#organization"},"potentialAction":[{"@type":"SearchAction","target":{"@type":"EntryPoint","urlTemplate":"https:\/\/royan-location.fr\/?s={search_term_string}"},"query-input":"required name=search_term_string"}],"inLanguage":"fr-FR"},{"@type":"WebPage","@id":"https:\/\/royan-location.fr\/index.php\/tourisme-royan-location\/#webpage","url":"https:\/\/royan-location.fr\/index.php\/tourisme-royan-location\/","name":"Upgrade - Location-Royan-Maison-Noutary Royan location -","isPartOf":{"@id":"https:\/\/royan-location.fr\/#website"},"datePublished":"2017-12-06T19:49:53+00:00","dateModified":"2020-01-20T20:07:37+00:00","description":"Les activit\u00e9s touristiques sur Royan et le pays Royannais sont nombreuses . La Maison Noutary est l'h\u00e9bergement id\u00e9al pour une exp\u00e9rience unique.\u00c0 pied, \u00e0 v\u00e9lo ou \u00e0 cheval, le territoire d\u00e9voile sa beaut\u00e9 naturelle.","breadcrumb":{"@id":"https:\/\/royan-location.fr\/index.php\/tourisme-royan-location\/#breadcrumb"},"inLanguage":"fr-FR","potentialAction":[{"@type":"ReadAction","target":["https:\/\/royan-location.fr\/index.php\/tourisme-royan-location\/"]}]},{"@type":"BreadcrumbList","@id":"https:\/\/royan-location.fr\/index.php\/tourisme-royan-location\/#breadcrumb","itemListElement":[{"@type":"ListItem","position":1,"name":"Accueil","item":"https:\/\/royan-location.fr\/"},{"@type":"ListItem","position":2,"name":"Upgrade"}]}]}},"_links":{"self":[{"href":"https:\/\/royan-location.fr\/index.php\/wp-json\/wp\/v2\/pages\/200","targetHints":{"allow":["GET"]}}],"collection":[{"href":"https:\/\/royan-location.fr\/index.php\/wp-json\/wp\/v2\/pages"}],"about":[{"href":"https:\/\/royan-location.fr\/index.php\/wp-json\/wp\/v2\/types\/page"}],"author":[{"embeddable":true,"href":"https:\/\/royan-location.fr\/index.php\/wp-json\/wp\/v2\/users\/1"}],"replies":[{"embeddable":true,"href":"https:\/\/royan-location.fr\/index.php\/wp-json\/wp\/v2\/comments?post=200"}],"version-history":[{"count":23,"href":"https:\/\/royan-location.fr\/index.php\/wp-json\/wp\/v2\/pages\/200\/revisions"}],"predecessor-version":[{"id":609,"href":"https:\/\/royan-location.fr\/index.php\/wp-json\/wp\/v2\/pages\/200\/revisions\/609"}],"wp:attachment":[{"href":"https:\/\/royan-location.fr\/index.php\/wp-json\/wp\/v2\/media?parent=200"}],"curies":[{"name":"wp","href":"https:\/\/api.w.org\/{rel}","templated":true}]}}